{"id":143731,"date":"2022-07-05T12:17:18","date_gmt":"2022-07-05T12:17:18","guid":{"rendered":"https:\/\/suriname.nu\/surinamenieuws\/?page_id=143731"},"modified":"2023-04-27T08:22:28","modified_gmt":"2023-04-27T08:22:28","slug":"visumvrij-reizen-naar-suriname-en-entry-fee","status":"publish","type":"page","link":"https:\/\/suriname.nu\/surinamenieuws\/visumvrij-reizen-naar-suriname-en-entry-fee\/","title":{"rendered":"Visumvrij reizen naar Suriname en Entry Fee"},"content":{"rendered":"<div class=\"container\"><small>29 juni 2022<\/small><\/div>\n<div class=\"container pb-5\">\n<div class=\"row\">\n<div class=\"col-md-9\">\n<p><strong>Bekendmaking <\/strong><br \/>\nVoor 21 landen wordt de visumplicht weer ingesteld per 1 mei 2023. Vorig jaar juli was de visumplicht naar Suriname afgeschaft. Bij evaluatie van de maatregel is gebleken dat er misbruik wordt gemaakt van het besluit. Reizigers gebruiken Suriname als tussenstop. De landen waarvoor het visumvereiste weer wordt ingesteld, zijn: Afghanistan, Angola, Bangladesh, Cuba, de Dominicaanse Republiek, Egypte, Eritrea, Ghana, India, Kameroen, Kenia, Nepal, Nigeria, Pakistan, Somali\u00eb, Sri Lanka, Syri\u00eb, Tunesi\u00eb, Venezuela, Zambia en Zuid-Afrika.<\/p>\n<p><strong>Individuen, houders van paspoorten, uit deze landen zullen een visum moeten aanvragen, voordat ze naar Suriname kunnen reizen<\/strong><\/p>\n<p>Namens het Ministerie van Buitenlandse Zaken, International Business en Internationale Samenwerking (MBIBIS) wordt het volgende bekend gemaakt.<\/p>\n<p>De aangekondigde unilaterale (eenzijdige) visumafschaffing voor staatsburgers van alle landen en de introductie van de Entry Fee zal thans per 01 juli 2022 inwerking treden.<\/p>\n<ol>\n<li>Per 01 juli 2022 zullen staatsburgers van alle landen visumvrij mogen afreizen naar Suriname, mits het reisdoel betreft toerisme en\/of familiebezoek.<\/li>\n<\/ol>\n<ol start=\"2\">\n<li>Voor elke binnenkomst betaalt elke bezoeker een \u201cEntry fee\u201d van USD25 of EUR25.<\/li>\n<\/ol>\n<ol start=\"3\">\n<li>Het paspoort van de bezoeker mag niet minder dan 6 (zes) maanden geldig zijn bij aankomst in Suriname (zie ook punt 10)<\/li>\n<\/ol>\n<ol start=\"4\">\n<li>Het visumvrij reizen zoals hierboven bedoeld zal slechts toegestaan zijn voor toerisme en familiebezoek.<\/li>\n<\/ol>\n<ol start=\"5\">\n<li>De visumplicht blijft van toepassing voor alle andere doeleinden waaronder zaken, werk, studie, stage, transit. Het e-visum wordt online aangevraagd via <a title=\"VFS Global\" href=\"https:\/\/suriname.vfsevisa.com\/suriname\/online\/home\/index\">VFS Global<\/a>.<\/li>\n<\/ol>\n<ol start=\"6\">\n<li>De Entry fee voor de toegang tot Suriname i.v.m. toerisme of familiebezoek kan als volgt betaald worden:\n<p>a) Online via <a title=\"VFS Global\" href=\"https:\/\/suriname.vfsevisa.com\/suriname\/online\/home\/index\">VFS Global<\/a> (op de werkdagen 24 uur voorafgaand aan de vertrekdatum) en<br \/>\nb) in noodgevallen<\/li>\n<\/ol>\n<ul>\n<li>bij aankomst op de Internationale luchthaven in Suriname<\/li>\n<li>bij aankomst op de luchthaven te Zorg en Hoop in Paramaribo<\/li>\n<li>bij de Dependence van het Consulaat van Suriname in St. Laurent, Frans-Guyana<\/li>\n<li>bij het Canawaima Management NV in het distrikt Nickerie.<\/li>\n<\/ul>\n<p><strong>Let wel<\/strong>: Op bovengenoemde locaties dient het USD of EURO bedrag betaald te worden met <strong>contant en gepast geld<br \/>\n<\/strong><\/p>\n<ol start=\"7\">\n<li>De betaling van de \u201cEntry fee\u201d geldt <u>niet<\/u> voor:<\/li>\n<\/ol>\n<ul>\n<li>Houders van een geldig Surinaams paspoort<\/li>\n<li>Ingezetenen van Suriname<\/li>\n<li>Houders van een PSA document<\/li>\n<li>Burgers van de CARICOM lid landen<\/li>\n<li>Leden van geaccrediteerde en niet-geaccrediteerde Ambassades, Consulaten Generaal en Internationale Organisaties in Suriname<\/li>\n<li>Staatsburgers van de Vaticaanstad<\/li>\n<li>Houders van een diplomatiek- ,dienst- of officieel paspoort alsook houders van een diplomatieke Laisser Passer<\/li>\n<li>Personen die in het bezit zijn van een geldig visum of e-toeristenkaart\/e-visum<\/li>\n<\/ul>\n<ol start=\"8\">\n<li>De toegestane verblijfsduur is maximaal 90 dagen na de datum van aankomst op een Entry Fee voucher. Bij aankomst wordt een kort verblijf van 30 dagen in het paspoort afgestempeld. Indien men langer dan 30 dagen wenst te verblijven dient men het resterende verblijf (60 dagen) te laten afstempelen bij de Vreemdelingenpolitie (zie ook punt 11)\n<\/li>\n<li>De Covid-19 maatregelen blijven van toepassing <a title=\"les verder\" href=\"http:\/\/netherlands.consulate.gov.sr\/bekendmakingen\/reizen-naar-suriname-covid-19-maatregelen\/\">lees verder<\/a>\n<\/li>\n<li>De volgende categorie\u00ebn van personen mogen naar Suriname reizen op een paspoort dat minder dan 6 (zes) maanden geldig is:<\/li>\n<\/ol>\n<ul>\n<li>Houders van een Surinaams paspoort<\/li>\n<li>Ingezetenen van Suriname<\/li>\n<li>Houders van een PSA document<\/li>\n<li>Houders van een niet gebruikt KV visum (met een MKV aantekening)<\/li>\n<li>Leden van geaccrediteerde en niet-geaccrediteerde Ambassades, Consulaten Generaal en Internationale Organisaties in Suriname<\/li>\n<li>Staatsburgers van de Vaticaanstad<\/li>\n<li>Houders van een diplomatiek- of dienstpaspoort<\/li>\n<\/ul>\n<ol start=\"11\">\n<li>De volgende categorie\u00ebn van personen mogen maximaal 6 maanden in Suriname verblijven:<br \/>\n&#8211; Houders van een Surinaams paspoort<br \/>\n&#8211; Ingezetenen van Suriname<br \/>\n&#8211; Houders van een PSA document<br \/>\n&#8211; Houders van een geldige verblijfsvergunning voor Suriname<br \/>\n&#8211; CARICOM bekwame burgers<br \/>\n&#8211; Personen van bewezen Surinaamse origine<\/p>\n<p>Bij aankomst wordt een kort verblijf van 30 dagen in het paspoort afgestempeld. Indien men langer dan 30 dagen wenst te verblijven dient men het resterende verblijf (tot max. 6 maanden) te laten afstempelen bij de Vreemdelingenpolitie<\/li>\n<\/ol>\n<p><strong>Bereikbaarheid VFS Global klantenservice in Paramaribo:<br \/>\n<\/strong>Maandag t\/m vrijdag van 06:00 \u2013 18:00 uur (lokale tijd)<br \/>\nTel: +1 929 214 1755 (VS) of +31 203 690 855 (Nederland) of +597 473822 (Suriname)<br \/>\nE-mail:\u00a0<a href=\"mailto:info.suriname@vfshelpline.com\">info.suriname@vfshelpline.com<\/a><\/p>\n<p><strong>Let wel<br \/>\n<\/strong>VFS Global is niet bereikbaar in het weekend en op\u00a0<a title=\"feestdagen\" href=\"http:\/\/netherlands.consulate.gov.sr\/overheid\/sluitingsdata\/\">feestdagen\u00a0<\/a>of buiten de lokale kantoortijden.<br \/>\nUw aanvraag kan niet door een andere dienst worden afgehandeld.<\/p>\n<\/div>\n<\/div>\n<\/div>\n<p>&nbsp;<\/p>\n<p>&nbsp;<\/p>\n<p><img loading=\"lazy\" decoding=\"async\" class=\"alignnone size-full wp-image-116805\" src=\"https:\/\/suriname.nu\/surinamenieuws\/wp-content\/uploads\/2021\/11\/anda-suriname-kaart.jpg\" alt=\"suirname\" width=\"487\" height=\"481\" srcset=\"https:\/\/suriname.nu\/surinamenieuws\/wp-content\/uploads\/2021\/11\/anda-suriname-kaart.jpg 487w, https:\/\/suriname.nu\/surinamenieuws\/wp-content\/uploads\/2021\/11\/anda-suriname-kaart-300x296.jpg 300w, https:\/\/suriname.nu\/surinamenieuws\/wp-content\/uploads\/2021\/11\/anda-suriname-kaart-45x45.jpg 45w\" sizes=\"auto, (max-width: 487px) 100vw, 487px\" \/><\/p>\n","protected":false},"excerpt":{"rendered":"<p> &#8230; <a title=\"Visumvrij reizen naar Suriname en Entry Fee\" class=\"read-more\" href=\"https:\/\/suriname.nu\/surinamenieuws\/visumvrij-reizen-naar-suriname-en-entry-fee\/\" aria-label=\"Lees meer over Visumvrij reizen naar Suriname en Entry Fee\">&gt;&gt;Lees verder<\/a><\/p>\n","protected":false},"author":4,"featured_media":143735,"parent":0,"menu_order":0,"comment_status":"closed","ping_status":"closed","template":"","meta":{"footnotes":""},"class_list":{"0":"post-143731","1":"page","2":"type-page","3":"status-publish","4":"has-post-thumbnail","6":"infinite-scroll-item","7":"resize-featured-image"},"_links":{"self":[{"href":"https:\/\/suriname.nu\/surinamenieuws\/wp-json\/wp\/v2\/pages\/143731","targetHints":{"allow":["GET"]}}],"collection":[{"href":"https:\/\/suriname.nu\/surinamenieuws\/wp-json\/wp\/v2\/pages"}],"about":[{"href":"https:\/\/suriname.nu\/surinamenieuws\/wp-json\/wp\/v2\/types\/page"}],"author":[{"embeddable":true,"href":"https:\/\/suriname.nu\/surinamenieuws\/wp-json\/wp\/v2\/users\/4"}],"replies":[{"embeddable":true,"href":"https:\/\/suriname.nu\/surinamenieuws\/wp-json\/wp\/v2\/comments?post=143731"}],"version-history":[{"count":5,"href":"https:\/\/suriname.nu\/surinamenieuws\/wp-json\/wp\/v2\/pages\/143731\/revisions"}],"predecessor-version":[{"id":143758,"href":"https:\/\/suriname.nu\/surinamenieuws\/wp-json\/wp\/v2\/pages\/143731\/revisions\/143758"}],"wp:featuredmedia":[{"embeddable":true,"href":"https:\/\/suriname.nu\/surinamenieuws\/wp-json\/wp\/v2\/media\/143735"}],"wp:attachment":[{"href":"https:\/\/suriname.nu\/surinamenieuws\/wp-json\/wp\/v2\/media?parent=143731"}],"curies":[{"name":"wp","href":"https:\/\/api.w.org\/{rel}","templated":true}]}}